{"id":24,"date":"2021-10-18T11:04:51","date_gmt":"2021-10-18T09:04:51","guid":{"rendered":"http:\/\/localhost:8888\/potes\/malika\/site\/malikadjardi.com?page_id=24"},"modified":"2023-04-26T16:19:36","modified_gmt":"2023-04-26T14:19:36","slug":"a-propos","status":"publish","type":"page","link":"https:\/\/www.malikadjardi.com\/en\/a-propos\/","title":{"rendered":"About"},"content":{"rendered":"\t<div class=\"container-fluid content__block block__title\">\n\t\t<div class=\"row\">\n\t\t\t<div class=\"col-xl-9 offset-xl-3\">\n\t\t\t\t<h2 class=\"title\">\u00c0 propos<\/h2>\n\t\t\t<\/div>\n\t\t<\/div>\n\t<\/div>\n\n\n\t<div class=\"container-fluid content__block block__text \">\n\t\t<div class=\"row\">\n\t\t\t<div class=\"col-xl-9 offset-xl-3\">\n\t\t\t\t<p>L\u2019association STAND supporte les projets de Malika Djardi et tend \u00e0 soutenir des initiatives artistiques collectives ou individuelles dans le champ chor\u00e9graphique, de la performance et des arts visuels. Le travail chor\u00e9graphique de Malika Djardi allie une recherche plastique et sc\u00e9nique. Sa recherche artistique s\u2019int\u00e9resse \u00e0 nos pratiques socio-culturelles, croyances et<br \/>\nperceptions du monde avec la volont\u00e9 de les remettre en jeu dans son travail en cr\u00e9ant un langage et un univers singulier. Elle tente de d\u00e9cloisonner et d\u2019ouvrir la pratique chor\u00e9graphique en l\u2019alliant \u00e0 d\u2019autres genres ou disciplines comme le documentaire, l\u2019architecture ou le cin\u00e9ma.<\/p>\n\t\t\t<\/div>\n\t\t<\/div>\n\t<\/div>\n\n\n\n\n\t\t<div class=\"container-fluid\">\n\t\t<div class=\"content__block block__image right margin\" data-scroll data-scroll-class=\"is_in_view\">\n\t\t\t\t\t\t\t<div class=\"por medium\">\n\t\t\t\n\t\t\t\t\t\t\t\t<div class=\"img_container\">\n\t\t\t\t\t<img decoding=\"async\" class=\"img\"  src=\"https:\/\/www.malikadjardi.com\/wp-content\/uploads\/2021\/10\/Sa-prie\u0300re-1-675x900.jpg\"  srcset=\"https:\/\/www.malikadjardi.com\/wp-content\/uploads\/2021\/10\/Sa-prie\u0300re-1-675x900.jpg 675w, https:\/\/www.malikadjardi.com\/wp-content\/uploads\/2021\/10\/Sa-prie\u0300re-1-1125x1500.jpg 1125w, https:\/\/www.malikadjardi.com\/wp-content\/uploads\/2021\/10\/Sa-prie\u0300re-1-450x600.jpg 450w\" sizes=\"(max-width:675px) 100vw, 675px\">\t\t\t\t<\/div>\n\t\t\t\t\n\t\t\t\t\t\t\t<\/div>\n\t\t<\/div>\n\t<\/div>\n\n\n\t<div class=\"container-fluid content__block block__title\">\n\t\t<div class=\"row\">\n\t\t\t<div class=\"col-xl-9 offset-xl-3\">\n\t\t\t\t<h2 class=\"title\">Biographie de Malika Djardi<\/h2>\n\t\t\t<\/div>\n\t\t<\/div>\n\t<\/div>\n\n\n\t<div class=\"container-fluid content__block block__text \">\n\t\t<div class=\"row\">\n\t\t\t<div class=\"col-xl-9 offset-xl-3\">\n\t\t\t\t<p>Originaire de Lyon, Malika Djardi se forme \u00e0 la danse contemporaine \u00e0 l\u2019UQAM de Montr\u00e9al, puis au Centre National de Danse Contemporaine \u00e0 Angers de 2009 \u00e0 2011. Elle a \u00e9t\u00e9 interpr\u00e8te pour Joris Lacoste, Ola Maciejewska, Alexandre Roccoli entre autres et Pierre Droulers avec qui elle continue de collaborer. D\u00e9veloppant son propre travail avec le solo Sa pri\u00e8re, cr\u00e9e en avril 2014 \u00e0 la Raffinerie \u00e0 Bruxelles, elle poursuit une recherche sur la performance comme objet de documentation notamment en interviewant sa m\u00e8re, convertie du catholicisme \u00e0 l\u2019islam. Le duo Horion, album de sept morceaux dans\u00e9s, a \u00e9t\u00e9 cr\u00e9e aux Rencontres Chor\u00e9graphiques Internationales de Seine Saint-Denis (FR) en mai 2016. Pour la Biennale de Charleroi Danse (BE) en 2017, elle imagine la pi\u00e8ce-conf\u00e9rence 3 abordant le genre de la science-fiction et la question des \u00e9motions dans un rituel de fertilit\u00e9 d\u00e9sabus\u00e9. \u00c9pisode, pens\u00e9 comme un format de s\u00e9ries courtes, prolonge cette r\u00e9flexion. Le premier \u00e9pisode a \u00e9t\u00e9 pr\u00e9sent\u00e9 aux Brigittines \u00e0 Bruxelles (BE) en juin 2019 dans le cadre de Memories of the XXIInd Century. Elle est en r\u00e9sidence de cr\u00e9ation au Centre National de la Danse (FR) en 2019-2020 pour PIER 7, qui prend pour point de d\u00e9part un dialogue avec le skateboardeur professionnel JB Gillet. La pi\u00e8ce sera cr\u00e9\u00e9e aux Subsistances \u00e0 Lyon les 14,15 et 16\u00a0d\u00e9cembre 2021.<\/p>\n\t\t\t<\/div>\n\t\t<\/div>\n\t<\/div>\n\n\n\t\t<div class=\"container-fluid\">\n\t\t<div class=\"content__block block__image left margin\" data-scroll data-scroll-class=\"is_in_view\">\n\t\t\t\t\t\t\t<div class=\"lan medium\">\n\t\t\t\n\t\t\t\t\t\t\t\t<div class=\"img_container\">\n\t\t\t\t\t<img decoding=\"async\" class=\"img\"  src=\"https:\/\/www.malikadjardi.com\/wp-content\/uploads\/2021\/11\/DSC00558-1200x900.jpg\"  srcset=\"https:\/\/www.malikadjardi.com\/wp-content\/uploads\/2021\/11\/DSC00558-1200x900.jpg 1200w, https:\/\/www.malikadjardi.com\/wp-content\/uploads\/2021\/11\/DSC00558-2100x1575.jpg 2100w, https:\/\/www.malikadjardi.com\/wp-content\/uploads\/2021\/11\/DSC00558-600x450.jpg 600w\" sizes=\"(max-width:1200px) 100vw, 1200px\">\t\t\t\t<\/div>\n\t\t\t\t\n\t\t\t\t\t\t\t<\/div>\n\t\t<\/div>\n\t<\/div>\n","protected":false},"excerpt":{"rendered":"","protected":false},"author":1,"featured_media":0,"parent":0,"menu_order":0,"comment_status":"closed","ping_status":"closed","template":"template-master.php","meta":{"_acf_changed":false,"footnotes":""},"class_list":["post-24","page","type-page","status-publish","hentry"],"acf":[],"aioseo_notices":[],"_links":{"self":[{"href":"https:\/\/www.malikadjardi.com\/en\/wp-json\/wp\/v2\/pages\/24","targetHints":{"allow":["GET"]}}],"collection":[{"href":"https:\/\/www.malikadjardi.com\/en\/wp-json\/wp\/v2\/pages"}],"about":[{"href":"https:\/\/www.malikadjardi.com\/en\/wp-json\/wp\/v2\/types\/page"}],"author":[{"embeddable":true,"href":"https:\/\/www.malikadjardi.com\/en\/wp-json\/wp\/v2\/users\/1"}],"replies":[{"embeddable":true,"href":"https:\/\/www.malikadjardi.com\/en\/wp-json\/wp\/v2\/comments?post=24"}],"version-history":[{"count":3,"href":"https:\/\/www.malikadjardi.com\/en\/wp-json\/wp\/v2\/pages\/24\/revisions"}],"predecessor-version":[{"id":816,"href":"https:\/\/www.malikadjardi.com\/en\/wp-json\/wp\/v2\/pages\/24\/revisions\/816"}],"wp:attachment":[{"href":"https:\/\/www.malikadjardi.com\/en\/wp-json\/wp\/v2\/media?parent=24"}],"curies":[{"name":"wp","href":"https:\/\/api.w.org\/{rel}","templated":true}]}}