{"id":59,"date":"2021-10-18T12:15:33","date_gmt":"2021-10-18T10:15:33","guid":{"rendered":"http:\/\/localhost:8888\/potes\/malika\/site\/malikadjardi.com?page_id=59"},"modified":"2021-11-15T16:40:23","modified_gmt":"2021-11-15T15:40:23","slug":"privacy-policy","status":"publish","type":"page","link":"https:\/\/www.malikadjardi.com\/en\/privacy-policy\/","title":{"rendered":"Privacy policy"},"content":{"rendered":"\t<div class=\"container-fluid content__block block__title\">\n\t\t<div class=\"row\">\n\t\t\t<div class=\"col-xl-9 offset-xl-3\">\n\t\t\t\t<h2 class=\"title\">Politique de confidentialit\u00e9<\/h2>\n\t\t\t<\/div>\n\t\t<\/div>\n\t<\/div>\n\n\n\t<div class=\"container-fluid content__block block__text \">\n\t\t<div class=\"row\">\n\t\t\t<div class=\"col-xl-9 offset-xl-3\">\n\t\t\t\t<p>Les utilisations de vos donn\u00e9es personnelles sont principalement les suivantes :<\/p>\n<ul>\n<li>Acc\u00e8s et utilisation du site<\/li>\n<li>Optimisation de l\u2019agencement et du fonctionnement du site<\/li>\n<\/ul>\n\t\t\t<\/div>\n\t\t<\/div>\n\t<\/div>\n\n\n\t<div class=\"container-fluid content__block block__title\">\n\t\t<div class=\"row\">\n\t\t\t<div class=\"col-xl-9 offset-xl-3\">\n\t\t\t\t<h2 class=\"title\">Dur\u00e9e de conservation de vos donn\u00e9es<\/h2>\n\t\t\t<\/div>\n\t\t<\/div>\n\t<\/div>\n\n\n\t<div class=\"container-fluid content__block block__text \">\n\t\t<div class=\"row\">\n\t\t\t<div class=\"col-xl-9 offset-xl-3\">\n\t\t\t\t<p>Vos informations personnelles sont conserv\u00e9es pendant une dur\u00e9e qui ne saurait exc\u00e9der 3 ann\u00e9es, sauf si :<\/p>\n<p>Vous exercez, dans les conditions pr\u00e9vues ci-apr\u00e8s, l\u2019un des droits qui vous sont reconnus par la l\u00e9gislation ;<br \/>\nUne dur\u00e9e de conservation plus longue est autoris\u00e9e ou impos\u00e9e en vertu d\u2019une disposition l\u00e9gale ou r\u00e8glementaire.<\/p>\n\t\t\t<\/div>\n\t\t<\/div>\n\t<\/div>\n\n\n\t<div class=\"container-fluid content__block block__title\">\n\t\t<div class=\"row\">\n\t\t\t<div class=\"col-xl-9 offset-xl-3\">\n\t\t\t\t<h2 class=\"title\">Protection de vos donn\u00e9es<\/h2>\n\t\t\t<\/div>\n\t\t<\/div>\n\t<\/div>\n\n\n\t<div class=\"container-fluid content__block block__text \">\n\t\t<div class=\"row\">\n\t\t\t<div class=\"col-xl-9 offset-xl-3\">\n\t\t\t\t<p>L\u2019acc\u00e8s \u00e0 vos donn\u00e9es personnelles est strictement limit\u00e9 aux employ\u00e9s et pr\u00e9pos\u00e9s de STAND, habilit\u00e9s en raison de leurs fonctions et tenus \u00e0 une obligation de confidentialit\u00e9. Cependant, les donn\u00e9es collect\u00e9es pourront \u00e9ventuellement \u00eatre communiqu\u00e9es \u00e0 des sous-traitants charg\u00e9s contractuellement de l\u2019ex\u00e9cution des t\u00e2ches n\u00e9cessaires au bon fonctionnement du Site et de ses services ainsi qu\u2019\u00e0 la bonne gestion de la relation avec vous, sans que vous ayez besoin de donner votre autorisation. Il est pr\u00e9cis\u00e9 que, dans le cadre de l\u2019ex\u00e9cution de leurs prestations, les sous-traitants n\u2019ont qu\u2019un acc\u00e8s limit\u00e9 \u00e0 vos donn\u00e9es et ont une obligation contractuelle de les utiliser en conformit\u00e9 avec les dispositions de la l\u00e9gislation applicable en mati\u00e8re de protection des donn\u00e9es personnelles. En dehors des cas \u00e9nonc\u00e9s ci-dessus, STAND s\u2019engage \u00e0 ne pas vendre, louer, c\u00e9der ou donner acc\u00e8s \u00e0 des tiers \u00e0 vos donn\u00e9es sans votre consentement pr\u00e9alable, \u00e0 moins d\u2019y \u00eatre contraints en raison d\u2019un motif l\u00e9gitime (obligation l\u00e9gale, lutte contre la fraude ou l\u2019abus, exercice des droits de la d\u00e9fense, etc.).<\/p>\n\t\t\t<\/div>\n\t\t<\/div>\n\t<\/div>\n\n\n\t<div class=\"container-fluid content__block block__title\">\n\t\t<div class=\"row\">\n\t\t\t<div class=\"col-xl-9 offset-xl-3\">\n\t\t\t\t<h2 class=\"title\">Vos droits sur vos donn\u00e9es<\/h2>\n\t\t\t<\/div>\n\t\t<\/div>\n\t<\/div>\n\n\n\t<div class=\"container-fluid content__block block__text \">\n\t\t<div class=\"row\">\n\t\t\t<div class=\"col-xl-9 offset-xl-3\">\n\t\t\t\t<p>Conform\u00e9ment aux dispositions l\u00e9gales et r\u00e8glementaires applicables, en particulier la loi n\u00b0 78-17 du 6 janvier 1978 modifi\u00e9e relative \u00e0 l\u2019informatique, aux fichiers et aux libert\u00e9s et du r\u00e8glement europ\u00e9en n\u00b02016\/679\/UE du 27 avril 2016 (applicable d\u00e8s le 25 mai 2018), vous disposez des droits suivants :<\/p>\n<ul>\n<li>Exercer votre droit d\u2019acc\u00e8s, pour conna\u00eetre les donn\u00e9es personnelles qui vous concernent ;<\/li>\n<li>Demander la mise \u00e0 jour de vos donn\u00e9es, si celles-ci sont inexactes ;<\/li>\n<li>Demander la portabilit\u00e9 ou la suppression de vos donn\u00e9es ;<\/li>\n<li>Demander la limitation du traitement de vos donn\u00e9es ;<\/li>\n<li>Vous opposez, pour des motifs l\u00e9gitimes, au traitement de vos donn\u00e9es ;<\/li>\n<li>Vous opposez ou retirer votre consentement \u00e0 l\u2019utilisation, par nos services, de vos coordonn\u00e9es pour l\u2019envoi de nos promotions et sollicitations via courriers \u00e9lectroniques, messages SMS, appels t\u00e9l\u00e9phoniques et courriers postaux.<\/li>\n<\/ul>\n<p>Ce droit demeure valable que les informations vous concernant nous aient \u00e9t\u00e9 transmises directement par vous ou par des partenaires tiers \u00e0 qui vous les avez communiqu\u00e9es (dans ce cas, il faudra cliquer sur les liens de d\u00e9sinscription pr\u00e9vus dans nos SMS ou courriels ou nous contacter dans les conditions ci-apr\u00e8s).<\/p>\n<p><strong>Ces diff\u00e9rents droits sont \u00e0 exercer directement par courriel \u00e0 l\u2019adresse suivante : malika.djardi@gmail.com<\/strong><\/p>\n<p>Pour des raisons de s\u00e9curit\u00e9 et \u00e9viter toute demande frauduleuse, cette demande devra \u00eatre accompagn\u00e9e d\u2019un justificatif d\u2019identit\u00e9. Le justificatif sera d\u00e9truit une fois la demande trait\u00e9e.<\/p>\n\t\t\t<\/div>\n\t\t<\/div>\n\t<\/div>\n\n\n\t<div class=\"container-fluid content__block block__title\">\n\t\t<div class=\"row\">\n\t\t\t<div class=\"col-xl-9 offset-xl-3\">\n\t\t\t\t<h2 class=\"title\">Cookies<\/h2>\n\t\t\t<\/div>\n\t\t<\/div>\n\t<\/div>\n\n\n\t<div class=\"container-fluid content__block block__text \">\n\t\t<div class=\"row\">\n\t\t\t<div class=\"col-xl-9 offset-xl-3\">\n\t\t\t\t<p>Lors de la consultation du Site, des Cookies sont d\u00e9pos\u00e9s sur votre ordinateur, votre mobile ou votre tablette.<\/p>\n<p>Un Cookie est une information d\u00e9pos\u00e9e sur votre appareil de navigation par le serveur du Site visit\u00e9. Certaines parties du Site peuvent ainsi ne pas \u00eatre fonctionnelles sans l\u2019acceptation de cookies par l\u2019utilisateur.<\/p>\n<p>Les informations collect\u00e9es par ce biais ne seront utilis\u00e9es que pour suivre le volume, le type et la configuration du trafic utilisant ce site, pour en d\u00e9velopper la conception et l\u2019agencement et \u00e0 d\u2019autres fins administratives et de planification et plus g\u00e9n\u00e9ralement pour am\u00e9liorer le service que nous vous offrons.<\/p>\n<p>Ces informations ne seront pas, sauf accord de votre part, conserv\u00e9es plus de 13 mois.<\/p>\n<p>Vous avez la possibilit\u00e9 de d\u00e9sactiver les Cookies depuis les param\u00e8tres de votre navigateur.<\/p>\n\t\t\t<\/div>\n\t\t<\/div>\n\t<\/div>\n","protected":false},"excerpt":{"rendered":"","protected":false},"author":1,"featured_media":0,"parent":0,"menu_order":0,"comment_status":"closed","ping_status":"closed","template":"template-master.php","meta":{"_acf_changed":false,"footnotes":""},"class_list":["post-59","page","type-page","status-publish","hentry"],"acf":[],"aioseo_notices":[],"_links":{"self":[{"href":"https:\/\/www.malikadjardi.com\/en\/wp-json\/wp\/v2\/pages\/59","targetHints":{"allow":["GET"]}}],"collection":[{"href":"https:\/\/www.malikadjardi.com\/en\/wp-json\/wp\/v2\/pages"}],"about":[{"href":"https:\/\/www.malikadjardi.com\/en\/wp-json\/wp\/v2\/types\/page"}],"author":[{"embeddable":true,"href":"https:\/\/www.malikadjardi.com\/en\/wp-json\/wp\/v2\/users\/1"}],"replies":[{"embeddable":true,"href":"https:\/\/www.malikadjardi.com\/en\/wp-json\/wp\/v2\/comments?post=59"}],"version-history":[{"count":2,"href":"https:\/\/www.malikadjardi.com\/en\/wp-json\/wp\/v2\/pages\/59\/revisions"}],"predecessor-version":[{"id":614,"href":"https:\/\/www.malikadjardi.com\/en\/wp-json\/wp\/v2\/pages\/59\/revisions\/614"}],"wp:attachment":[{"href":"https:\/\/www.malikadjardi.com\/en\/wp-json\/wp\/v2\/media?parent=59"}],"curies":[{"name":"wp","href":"https:\/\/api.w.org\/{rel}","templated":true}]}}