{"id":61,"date":"2021-10-18T12:14:41","date_gmt":"2021-10-18T10:14:41","guid":{"rendered":"http:\/\/localhost:8888\/potes\/malika\/site\/malikadjardi.com?page_id=61"},"modified":"2023-04-26T16:20:01","modified_gmt":"2023-04-26T14:20:01","slug":"mentions-legales","status":"publish","type":"page","link":"https:\/\/www.malikadjardi.com\/en\/mentions-legales\/","title":{"rendered":"Terms"},"content":{"rendered":"\t<div class=\"container-fluid content__block block__title\">\n\t\t<div class=\"row\">\n\t\t\t<div class=\"col-xl-9 offset-xl-3\">\n\t\t\t\t<h2 class=\"title\">Mentions l\u00e9gales<\/h2>\n\t\t\t<\/div>\n\t\t<\/div>\n\t<\/div>\n\n\n\t<div class=\"container-fluid content__block block__text \">\n\t\t<div class=\"row\">\n\t\t\t<div class=\"col-xl-9 offset-xl-3\">\n\t\t\t\t<p>Le site www.malikadjardi.com est \u00e9dit\u00e9 par Malika Djardi.<br \/>\nN\u00b0TVA Intracommunautaire FR 49 810313536<br \/>\nN\u00b0 SIRET : 81031353600031<br \/>\nCode APE : 9001Z<br \/>\nN\u00b0 RNA : W691087362<b><span class=\"Apple-converted-space\"><br \/>\n<\/span><\/b>Licences d\u2019entrepreneur du spectacle 2 -1085916 \/ 3-1085917<br \/>\nL\u2019Association STAND est repr\u00e9sent\u00e9e par Pierre-Marie Oullion en qualit\u00e9 de Pr\u00e9sident<\/p>\n\t\t\t<\/div>\n\t\t<\/div>\n\t<\/div>\n\n\n\t<div class=\"container-fluid content__block block__title\">\n\t\t<div class=\"row\">\n\t\t\t<div class=\"col-xl-9 offset-xl-3\">\n\t\t\t\t<h2 class=\"title\">H\u00e9bergement<\/h2>\n\t\t\t<\/div>\n\t\t<\/div>\n\t<\/div>\n\n\n\t<div class=\"container-fluid content__block block__text \">\n\t\t<div class=\"row\">\n\t\t\t<div class=\"col-xl-9 offset-xl-3\">\n\t\t\t\t<p>OVH<br \/>\n2 rue Kellermann<br \/>\n59100 Roubaix<br \/>\nFrance<\/p>\n\t\t\t<\/div>\n\t\t<\/div>\n\t<\/div>\n\n\n\t<div class=\"container-fluid content__block block__title\">\n\t\t<div class=\"row\">\n\t\t\t<div class=\"col-xl-9 offset-xl-3\">\n\t\t\t\t<h2 class=\"title\">Site web<\/h2>\n\t\t\t<\/div>\n\t\t<\/div>\n\t<\/div>\n\n\n\t<div class=\"container-fluid content__block block__text \">\n\t\t<div class=\"row\">\n\t\t\t<div class=\"col-xl-9 offset-xl-3\">\n\t\t\t\t<p>Prakt : <a href=\"https:\/\/www.prakt.co\">www.prakt.co<\/a><\/p>\n\t\t\t<\/div>\n\t\t<\/div>\n\t<\/div>\n\n\n\t<div class=\"container-fluid content__block block__title\">\n\t\t<div class=\"row\">\n\t\t\t<div class=\"col-xl-9 offset-xl-3\">\n\t\t\t\t<h2 class=\"title\">Cookie<\/h2>\n\t\t\t<\/div>\n\t\t<\/div>\n\t<\/div>\n\n\n\t<div class=\"container-fluid content__block block__text \">\n\t\t<div class=\"row\">\n\t\t\t<div class=\"col-xl-9 offset-xl-3\">\n\t\t\t\t<p>Pour des besoins de statistiques et d\u2019affichage, le pr\u00e9sent site utilise des cookies. Il s\u2019agit de petits fichiers textes stock\u00e9s sur votre disque dur afin d\u2019enregistrer des donn\u00e9es techniques sur votre navigation. Certaines parties de ce site ne peuvent \u00eatre fonctionnelle sans l\u2019acceptation de cookies.<\/p>\n\t\t\t<\/div>\n\t\t<\/div>\n\t<\/div>\n","protected":false},"excerpt":{"rendered":"","protected":false},"author":1,"featured_media":0,"parent":0,"menu_order":0,"comment_status":"closed","ping_status":"closed","template":"template-master.php","meta":{"_acf_changed":false,"footnotes":""},"class_list":["post-61","page","type-page","status-publish","hentry"],"acf":[],"aioseo_notices":[],"_links":{"self":[{"href":"https:\/\/www.malikadjardi.com\/en\/wp-json\/wp\/v2\/pages\/61","targetHints":{"allow":["GET"]}}],"collection":[{"href":"https:\/\/www.malikadjardi.com\/en\/wp-json\/wp\/v2\/pages"}],"about":[{"href":"https:\/\/www.malikadjardi.com\/en\/wp-json\/wp\/v2\/types\/page"}],"author":[{"embeddable":true,"href":"https:\/\/www.malikadjardi.com\/en\/wp-json\/wp\/v2\/users\/1"}],"replies":[{"embeddable":true,"href":"https:\/\/www.malikadjardi.com\/en\/wp-json\/wp\/v2\/comments?post=61"}],"version-history":[{"count":3,"href":"https:\/\/www.malikadjardi.com\/en\/wp-json\/wp\/v2\/pages\/61\/revisions"}],"predecessor-version":[{"id":817,"href":"https:\/\/www.malikadjardi.com\/en\/wp-json\/wp\/v2\/pages\/61\/revisions\/817"}],"wp:attachment":[{"href":"https:\/\/www.malikadjardi.com\/en\/wp-json\/wp\/v2\/media?parent=61"}],"curies":[{"name":"wp","href":"https:\/\/api.w.org\/{rel}","templated":true}]}}