{"id":12,"date":"2021-10-18T11:04:51","date_gmt":"2021-10-18T09:04:51","guid":{"rendered":"http:\/\/localhost:8888\/potes\/malika\/site\/malikadjardi.com?page_id=12"},"modified":"2025-06-18T12:37:54","modified_gmt":"2025-06-18T10:37:54","slug":"a-propos","status":"publish","type":"page","link":"https:\/\/www.malikadjardi.com\/fr\/a-propos\/","title":{"rendered":"\u00c0 propos"},"content":{"rendered":"\t<div class=\"container-fluid content__block block__title\">\n\t\t<div class=\"row\">\n\t\t\t<div class=\"col-xl-9 offset-xl-3\">\n\t\t\t\t<h2 class=\"title\">\u00c0 propos<\/h2>\n\t\t\t<\/div>\n\t\t<\/div>\n\t<\/div>\n\n\n\t<div class=\"container-fluid content__block block__text large\">\n\t\t<div class=\"row\">\n\t\t\t<div class=\"col-xl-9 offset-xl-3\">\n\t\t\t\t<p>L\u2019association STAND supporte les projets de Malika Djardi et tend \u00e0 soutenir des initiatives artistiques collectives ou individuelles dans le champ chor\u00e9graphique, de la performance et des arts visuels. Le travail chor\u00e9graphique de Malika Djardi allie une recherche plastique et sc\u00e9nique. Sa recherche artistique s\u2019int\u00e9resse \u00e0 nos pratiques socio-culturelles, croyances et\u00a0perceptions du monde avec la volont\u00e9 de les remettre en jeu dans son travail en cr\u00e9ant un langage et un univers singulier. Elle tente de d\u00e9cloisonner et d\u2019ouvrir la pratique chor\u00e9graphique en l\u2019alliant \u00e0 d\u2019autres genres ou disciplines comme le documentaire, l\u2019architecture ou le cin\u00e9ma.<\/p>\n<p>De ces diff\u00e9rentes pi\u00e8ces qui semblent se r\u00e9fl\u00e9chir entre elles comme un jeu de miroir, se distinguent des motifs communs. Les questions du corps, du langage et de l\u2019identit\u00e9, tout comme le rapport au rituel, l\u2019oscillation entre le concret et l\u2019abstraction ou encore le visible et l\u2019invisible traversent sa d\u00e9marche. On y trouve aussi un certain go\u00fbt pour la transformation comme en t\u00e9moigne <em>Horion<\/em>, avec son jeu de rythme et de corps sonores.<\/p>\n<p>L&rsquo;artiste formule son rapport au mouvement en ces termes : \u00abRien n\u2019a de sens que ce qui nous bouge\u00bb. Pourtant sans rien y para\u00eetre, la chor\u00e9graphe d\u00e9ploie dans ses pi\u00e8ces une distance m\u00e9nag\u00e9e au plus juste entre la danse et son propos. C\u2019est avec une forme de modestie, sans aucun effet spectaculaire que l\u2019artiste d\u00e9fait les clich\u00e9s ou les subvertit. Ce faisant, elle redonne au geste artistique sa vitalit\u00e9 et son engagement, ouvrant ainsi dans chaque pi\u00e8ce un espace o\u00f9 le spectateur peut circuler.<\/p>\n\t\t\t<\/div>\n\t\t<\/div>\n\t<\/div>\n\n\n\t\t<div class=\"container-fluid\">\n\t\t<div class=\"content__block block__image left\" data-scroll data-scroll-class=\"is_in_view\">\n\t\t\t\t\t\t\t<div class=\"sqr medium\">\n\t\t\t\n\t\t\t\t\t\t\t\t<div class=\"img_container\">\n\t\t\t\t\t<img decoding=\"async\" class=\"img\"  src=\"https:\/\/www.malikadjardi.com\/wp-content\/uploads\/2024\/09\/DSF0105-copie-1100x1100.jpg\"  srcset=\"https:\/\/www.malikadjardi.com\/wp-content\/uploads\/2024\/09\/DSF0105-copie-1100x1100.jpg 1100w, https:\/\/www.malikadjardi.com\/wp-content\/uploads\/2024\/09\/DSF0105-copie-150x150.jpg 150w, https:\/\/www.malikadjardi.com\/wp-content\/uploads\/2024\/09\/DSF0105-copie-1500x1500.jpg 1500w, https:\/\/www.malikadjardi.com\/wp-content\/uploads\/2024\/09\/DSF0105-copie-800x800.jpg 800w\" sizes=\"(max-width:1100px) 100vw, 1100px\">\t\t\t\t<\/div>\n\t\t\t\t\n\t\t\t\t\t\t\t\t\t<div class=\"comment_container\">\n\t\t\t\t\t\t<p>@ Thierry Hauswald<\/p>\n\t\t\t\t\t<\/div>\n\t\t\t\t\t\t\t<\/div>\n\t\t<\/div>\n\t<\/div>\n\n\n\t\t<div class=\"container-fluid\">\n\t\t<div class=\"content__block block__image right margin\" data-scroll data-scroll-class=\"is_in_view\">\n\t\t\t\t\t\t\t<div class=\"por medium\">\n\t\t\t\n\t\t\t\t\t\t\t\t<div class=\"img_container\">\n\t\t\t\t\t<img decoding=\"async\" class=\"img\"  src=\"https:\/\/www.malikadjardi.com\/wp-content\/uploads\/2021\/10\/Sa-prie\u0300re-1-675x900.jpg\"  srcset=\"https:\/\/www.malikadjardi.com\/wp-content\/uploads\/2021\/10\/Sa-prie\u0300re-1-675x900.jpg 675w, https:\/\/www.malikadjardi.com\/wp-content\/uploads\/2021\/10\/Sa-prie\u0300re-1-1125x1500.jpg 1125w, https:\/\/www.malikadjardi.com\/wp-content\/uploads\/2021\/10\/Sa-prie\u0300re-1-450x600.jpg 450w\" sizes=\"(max-width:675px) 100vw, 675px\">\t\t\t\t<\/div>\n\t\t\t\t\n\t\t\t\t\t\t\t\t\t<div class=\"comment_container\">\n\t\t\t\t\t\t<p>@ Christhope Louergli<\/p>\n\t\t\t\t\t<\/div>\n\t\t\t\t\t\t\t<\/div>\n\t\t<\/div>\n\t<\/div>\n\n\n\t<div class=\"container-fluid content__block block__title\">\n\t\t<div class=\"row\">\n\t\t\t<div class=\"col-xl-9 offset-xl-3\">\n\t\t\t\t<h2 class=\"title\">Biographie de Malika Djardi<\/h2>\n\t\t\t<\/div>\n\t\t<\/div>\n\t<\/div>\n\n\n\t<div class=\"container-fluid content__block block__text large\">\n\t\t<div class=\"row\">\n\t\t\t<div class=\"col-xl-9 offset-xl-3\">\n\t\t\t\t<p>Originaire de Lyon, Malika Djardi se forme \u00e0 la danse contemporaine \u00e0 l\u2019UQAM de Montr\u00e9al, puis au Centre National de Danse Contemporaine \u00e0 Angers de 2009 \u00e0 2011. Elle a \u00e9t\u00e9 interpr\u00e8te pour M\u00e9lanie Perrier, Joris Lacoste, Ola Maciejewska, Alexandre Roccoli, Pierre Droulers entre autres.<\/p>\n<p>D\u00e9veloppant son propre travail avec le solo <i>Sa pri\u00e8re<\/i>, cr\u00e9e en avril 2014 \u00e0 la Raffinerie \u00e0 Bruxelles, elle poursuit une recherche sur la performance comme objet de documentation notamment en interviewant sa m\u00e8re, convertie du catholicisme \u00e0 l\u2019islam.\u00a0Le duo <i>Horion<\/i>, album de sept morceaux dans\u00e9s, a \u00e9t\u00e9 cr\u00e9e aux Rencontres Chor\u00e9graphiques Internationales de Seine Saint-Denis (FR) en mai 2016. Pour la Biennale de Charleroi Danse (BE) en 2017, elle imagine la pi\u00e8ce-conf\u00e9rence <i>3 <\/i>abordant le genre de la science-fiction et la question des \u00e9motions dans un rituel de fertilit\u00e9 d\u00e9sabus\u00e9. <i>\u00c9pisode, <\/i>pens\u00e9 comme un format de s\u00e9ries courtes, prolonge cette r\u00e9flexion. Le premier \u00e9pisode a \u00e9t\u00e9 pr\u00e9sent\u00e9 aux Brigittines \u00e0 Bruxelles (BE) en juin 2019 dans le cadre de <i>Memories of the XXIInd Century.\u00a0<\/i>Elle est en r\u00e9sidence de cr\u00e9ation au Centre National de la Danse (FR) en 2019-2020 pour PIER 7, qui prend pour point de d\u00e9part un dialogue avec le skateboardeur professionnel JB Gillet. La pi\u00e8ce a \u00e9t\u00e9 cr\u00e9\u00e9e aux Subsistances \u00e0 Lyon (FR)\u00a0les 14,15 et 16 d\u00e9cembre 2021. Sa derni\u00e8re pi\u00e8ce, <i>Martyre<\/i>, hommage a sa m\u00e8re souffrant d\u2019Alzheimer, a \u00e9t\u00e9 cr\u00e9\u00e9e le 27 mars 2024 dans le cadre du festival Le Grand Bain avec le Gymnase CDCN de Roubaix\u00a0(FR).<\/p>\n\t\t\t<\/div>\n\t\t<\/div>\n\t<\/div>\n\n\n\t\t<div class=\"container-fluid\">\n\t\t<div class=\"content__block block__image left margin\" data-scroll data-scroll-class=\"is_in_view\">\n\t\t\t\t\t\t\t<div class=\"lan medium\">\n\t\t\t\n\t\t\t\t\t\t\t\t<div class=\"img_container\">\n\t\t\t\t\t<img decoding=\"async\" class=\"img\"  src=\"https:\/\/www.malikadjardi.com\/wp-content\/uploads\/2021\/11\/DSC00558-1200x900.jpg\"  srcset=\"https:\/\/www.malikadjardi.com\/wp-content\/uploads\/2021\/11\/DSC00558-1200x900.jpg 1200w, https:\/\/www.malikadjardi.com\/wp-content\/uploads\/2021\/11\/DSC00558-2100x1575.jpg 2100w, https:\/\/www.malikadjardi.com\/wp-content\/uploads\/2021\/11\/DSC00558-600x450.jpg 600w\" sizes=\"(max-width:1200px) 100vw, 1200px\">\t\t\t\t<\/div>\n\t\t\t\t\n\t\t\t\t\t\t\t\t\t<div class=\"comment_container\">\n\t\t\t\t\t\t<p>@ Jean Alain Corre<\/p>\n\t\t\t\t\t<\/div>\n\t\t\t\t\t\t\t<\/div>\n\t\t<\/div>\n\t<\/div>\n","protected":false},"excerpt":{"rendered":"","protected":false},"author":1,"featured_media":0,"parent":0,"menu_order":0,"comment_status":"closed","ping_status":"closed","template":"template-master.php","meta":{"_acf_changed":false,"footnotes":""},"class_list":["post-12","page","type-page","status-publish","hentry"],"acf":[],"aioseo_notices":[],"_links":{"self":[{"href":"https:\/\/www.malikadjardi.com\/fr\/wp-json\/wp\/v2\/pages\/12","targetHints":{"allow":["GET"]}}],"collection":[{"href":"https:\/\/www.malikadjardi.com\/fr\/wp-json\/wp\/v2\/pages"}],"about":[{"href":"https:\/\/www.malikadjardi.com\/fr\/wp-json\/wp\/v2\/types\/page"}],"author":[{"embeddable":true,"href":"https:\/\/www.malikadjardi.com\/fr\/wp-json\/wp\/v2\/users\/1"}],"replies":[{"embeddable":true,"href":"https:\/\/www.malikadjardi.com\/fr\/wp-json\/wp\/v2\/comments?post=12"}],"version-history":[{"count":2,"href":"https:\/\/www.malikadjardi.com\/fr\/wp-json\/wp\/v2\/pages\/12\/revisions"}],"predecessor-version":[{"id":1048,"href":"https:\/\/www.malikadjardi.com\/fr\/wp-json\/wp\/v2\/pages\/12\/revisions\/1048"}],"wp:attachment":[{"href":"https:\/\/www.malikadjardi.com\/fr\/wp-json\/wp\/v2\/media?parent=12"}],"curies":[{"name":"wp","href":"https:\/\/api.w.org\/{rel}","templated":true}]}}